{"id":415,"date":"2019-10-29T18:43:51","date_gmt":"2019-10-29T17:43:51","guid":{"rendered":"http:\/\/vaccine-research-institute.fr\/news\/"},"modified":"2025-01-24T17:08:26","modified_gmt":"2025-01-24T16:08:26","slug":"news","status":"publish","type":"page","link":"https:\/\/vaccine-research-institute.fr\/fr\/news\/","title":{"rendered":"News"},"content":{"rendered":"<p>D\u00e9couvrez les actualit\u00e9s et les \u00e9v\u00e8nements de L&rsquo;institut de recherche vaccinale VRI<\/p>\n","protected":false},"excerpt":{"rendered":"<p>D\u00e9couvrez les actualit\u00e9s et les \u00e9v\u00e8nements de L&rsquo;institut de recherche vaccinale VRI<\/p>\n","protected":false},"author":1,"featured_media":0,"parent":0,"menu_order":10,"comment_status":"closed","ping_status":"closed","template":"template-news-list.php","meta":{"footnotes":""},"class_list":["post-415","page","type-page","status-publish","hentry","wpautop"],"_links":{"self":[{"href":"https:\/\/vaccine-research-institute.fr\/fr\/wp-json\/wp\/v2\/pages\/415","targetHints":{"allow":["GET"]}}],"collection":[{"href":"https:\/\/vaccine-research-institute.fr\/fr\/wp-json\/wp\/v2\/pages"}],"about":[{"href":"https:\/\/vaccine-research-institute.fr\/fr\/wp-json\/wp\/v2\/types\/page"}],"author":[{"embeddable":true,"href":"https:\/\/vaccine-research-institute.fr\/fr\/wp-json\/wp\/v2\/users\/1"}],"replies":[{"embeddable":true,"href":"https:\/\/vaccine-research-institute.fr\/fr\/wp-json\/wp\/v2\/comments?post=415"}],"version-history":[{"count":20,"href":"https:\/\/vaccine-research-institute.fr\/fr\/wp-json\/wp\/v2\/pages\/415\/revisions"}],"predecessor-version":[{"id":1869,"href":"https:\/\/vaccine-research-institute.fr\/fr\/wp-json\/wp\/v2\/pages\/415\/revisions\/1869"}],"wp:attachment":[{"href":"https:\/\/vaccine-research-institute.fr\/fr\/wp-json\/wp\/v2\/media?parent=415"}],"curies":[{"name":"wp","href":"https:\/\/api.w.org\/{rel}","templated":true}]}}