{"id":642,"date":"2019-10-29T18:43:51","date_gmt":"2019-10-29T17:43:51","guid":{"rendered":"http:\/\/vaccine-research-institute.fr\/publications\/"},"modified":"2025-10-06T17:20:58","modified_gmt":"2025-10-06T15:20:58","slug":"publications","status":"publish","type":"page","link":"https:\/\/vaccine-research-institute.fr\/fr\/publications\/","title":{"rendered":"Publications"},"content":{"rendered":"<p>Par ann\u00e9e, nous avons r\u00e9pertori\u00e9 les publications majeures de nos chercheurs.<\/p>\n","protected":false},"excerpt":{"rendered":"<p>Par ann\u00e9e, nous avons r\u00e9pertori\u00e9 les publications majeures de nos chercheurs.<\/p>\n","protected":false},"author":1,"featured_media":0,"parent":0,"menu_order":9,"comment_status":"closed","ping_status":"closed","template":"template-publications.php","meta":{"footnotes":""},"class_list":["post-642","page","type-page","status-publish","hentry","wpautop"],"_links":{"self":[{"href":"https:\/\/vaccine-research-institute.fr\/fr\/wp-json\/wp\/v2\/pages\/642","targetHints":{"allow":["GET"]}}],"collection":[{"href":"https:\/\/vaccine-research-institute.fr\/fr\/wp-json\/wp\/v2\/pages"}],"about":[{"href":"https:\/\/vaccine-research-institute.fr\/fr\/wp-json\/wp\/v2\/types\/page"}],"author":[{"embeddable":true,"href":"https:\/\/vaccine-research-institute.fr\/fr\/wp-json\/wp\/v2\/users\/1"}],"replies":[{"embeddable":true,"href":"https:\/\/vaccine-research-institute.fr\/fr\/wp-json\/wp\/v2\/comments?post=642"}],"version-history":[{"count":34,"href":"https:\/\/vaccine-research-institute.fr\/fr\/wp-json\/wp\/v2\/pages\/642\/revisions"}],"predecessor-version":[{"id":2042,"href":"https:\/\/vaccine-research-institute.fr\/fr\/wp-json\/wp\/v2\/pages\/642\/revisions\/2042"}],"wp:attachment":[{"href":"https:\/\/vaccine-research-institute.fr\/fr\/wp-json\/wp\/v2\/media?parent=642"}],"curies":[{"name":"wp","href":"https:\/\/api.w.org\/{rel}","templated":true}]}}